{"id":38,"date":"2025-10-12T16:13:51","date_gmt":"2025-10-12T16:13:51","guid":{"rendered":"https:\/\/yasamkilavuzu.racsen.com\/?page_id=38"},"modified":"2025-10-12T16:59:31","modified_gmt":"2025-10-12T16:59:31","slug":"iletisim","status":"publish","type":"page","link":"https:\/\/yasamkilavuzu.racsen.com\/index.php\/iletisim\/","title":{"rendered":"\u0130leti\u015fim"},"content":{"rendered":"<style>.kb-row-layout-id38_fe8729-53 > .kt-row-column-wrap{align-content:start;}:where(.kb-row-layout-id38_fe8729-53 > .kt-row-column-wrap) > .wp-block-kadence-column{justify-content:start;}.kb-row-layout-id38_fe8729-53 > .kt-row-column-wrap{column-gap:var(--global-kb-gap-lg, 4rem);row-gap:var(--global-kb-gap-md, 2rem);max-width:var( --global-content-width, 1290px );padding-left:var(--global-content-edge-padding);padding-right:var(--global-content-edge-padding);padding-bottom:var(--global-kb-spacing-lg, 3rem);grid-template-columns:minmax(0, calc(50% - ((var(--global-kb-gap-lg, 4rem) * 1 )\/2)))minmax(0, calc(50% - ((var(--global-kb-gap-lg, 4rem) * 1 )\/2)));}.kb-row-layout-id38_fe8729-53 > .kt-row-layout-overlay{opacity:0.30;}@media all and (max-width: 1024px){.kb-row-layout-id38_fe8729-53 > .kt-row-column-wrap{column-gap:var(--global-kb-gap-md, 2rem);padding-top:var(--global-kb-spacing-lg, 3rem);padding-bottom:var(--global-kb-spacing-lg, 3rem);grid-template-columns:minmax(0, 1fr);}}@media all and (max-width: 767px){.kb-row-layout-id38_fe8729-53 > .kt-row-column-wrap{padding-right:var(--global-kb-spacing-xs, 1rem);padding-left:var(--global-kb-spacing-xs, 1rem);grid-template-columns:minmax(0, 1fr);}}<\/style><div class=\"kb-row-layout-wrap kb-row-layout-id38_fe8729-53 alignfull has-theme-palette9-background-color kt-row-has-bg wp-block-kadence-rowlayout\"><div class=\"kt-row-column-wrap kt-has-2-columns kt-row-layout-left-golden kt-tab-layout-row kt-mobile-layout-row kt-row-valign-top kb-theme-content-width\">\n<style>.kadence-column38_150eab-bc > .kt-inside-inner-col,.kadence-column38_150eab-bc > .kt-inside-inner-col:before{border-top-left-radius:0px;border-top-right-radius:0px;border-bottom-right-radius:0px;border-bottom-left-radius:0px;}.kadence-column38_150eab-bc > .kt-inside-inner-col{column-gap:var(--global-kb-gap-sm, 1rem);}.kadence-column38_150eab-bc > .kt-inside-inner-col{flex-direction:column;}.kadence-column38_150eab-bc > .kt-inside-inner-col > .aligncenter{width:100%;}.kadence-column38_150eab-bc > .kt-inside-inner-col:before{opacity:0.3;}.kadence-column38_150eab-bc{position:relative;}@media all and (max-width: 1024px){.kadence-column38_150eab-bc > .kt-inside-inner-col{flex-direction:column;justify-content:center;}}@media all and (max-width: 767px){.kadence-column38_150eab-bc > .kt-inside-inner-col{flex-direction:column;justify-content:center;}}<\/style>\n<div class=\"wp-block-kadence-column kadence-column38_150eab-bc\"><div class=\"kt-inside-inner-col\"><style>.wp-block-kadence-advancedheading.kt-adv-heading38_7ba7c9-8f, .wp-block-kadence-advancedheading.kt-adv-heading38_7ba7c9-8f[data-kb-block=\"kb-adv-heading38_7ba7c9-8f\"]{font-style:normal;}.wp-block-kadence-advancedheading.kt-adv-heading38_7ba7c9-8f mark.kt-highlight, .wp-block-kadence-advancedheading.kt-adv-heading38_7ba7c9-8f[data-kb-block=\"kb-adv-heading38_7ba7c9-8f\"] mark.kt-highlight{font-style:normal;color:#f76a0c;-webkit-box-decoration-break:clone;box-decoration-break:clone;padding-top:0px;padding-right:0px;padding-bottom:0px;padding-left:0px;}.wp-block-kadence-advancedheading.kt-adv-heading38_7ba7c9-8f img.kb-inline-image, .wp-block-kadence-advancedheading.kt-adv-heading38_7ba7c9-8f[data-kb-block=\"kb-adv-heading38_7ba7c9-8f\"] img.kb-inline-image{width:150px;vertical-align:baseline;}<\/style>\n<h2 class=\"kt-adv-heading38_7ba7c9-8f wp-block-kadence-advancedheading\" data-kb-block=\"kb-adv-heading38_7ba7c9-8f\">Ya da bana Instagram\u2019dan ula\u015f: <a href=\"https:\/\/www.instagram.com\/yasamkilavuzu.tv\">@yasamkilavuzu.tv<\/a><\/h2>\n\n\n<style>.kadence-column38_0ad2a6-da > .kt-inside-inner-col,.kadence-column38_0ad2a6-da > .kt-inside-inner-col:before{border-top-left-radius:0px;border-top-right-radius:0px;border-bottom-right-radius:0px;border-bottom-left-radius:0px;}.kadence-column38_0ad2a6-da > .kt-inside-inner-col{column-gap:var(--global-kb-gap-sm, 1rem);}.kadence-column38_0ad2a6-da > .kt-inside-inner-col{flex-direction:column;}.kadence-column38_0ad2a6-da > .kt-inside-inner-col > .aligncenter{width:100%;}.kadence-column38_0ad2a6-da > .kt-inside-inner-col:before{opacity:0.3;}.kadence-column38_0ad2a6-da{position:relative;}@media all and (max-width: 1024px){.kadence-column38_0ad2a6-da > .kt-inside-inner-col{flex-direction:column;justify-content:center;}}@media all and (max-width: 767px){.kadence-column38_0ad2a6-da > .kt-inside-inner-col{flex-direction:column;justify-content:center;}}<\/style>\n<div class=\"wp-block-kadence-column kadence-column38_0ad2a6-da\"><div class=\"kt-inside-inner-col\">\n<div id=\"sb_instagram\"  class=\"sbi sbi_mob_col_1 sbi_tab_col_2 sbi_col_4 sbi_width_resp\" style=\"padding-bottom: 10px;\"\t data-feedid=\"*1\"  data-res=\"auto\" data-cols=\"4\" data-colsmobile=\"1\" data-colstablet=\"2\" data-num=\"20\" data-nummobile=\"20\" data-item-padding=\"5\"\t data-shortcode-atts=\"{}\"  data-postid=\"38\" data-locatornonce=\"a35cb4c7cf\" data-imageaspectratio=\"1:1\" data-sbi-flags=\"favorLocal,gdpr\">\n\t\n\t<div id=\"sbi_images\"  style=\"gap: 10px;\">\n\t\t\t<\/div>\n\n\t<div id=\"sbi_load\" >\n\n\t\n\t\t\t<span class=\"sbi_follow_btn sbi_custom\" >\n\t\t\t<a target=\"_blank\"\n\t\t\t\trel=\"nofollow noopener\"  href=\"https:\/\/www.instagram.com\/yasamkilavuzu.tv\/\" style=\"background: rgb(64,139,209);\">\n\t\t\t\t<svg class=\"svg-inline--fa fa-instagram fa-w-14\" aria-hidden=\"true\" data-fa-processed=\"\" aria-label=\"Instagram\" data-prefix=\"fab\" data-icon=\"instagram\" role=\"img\" viewBox=\"0 0 448 512\">\n                    <path fill=\"currentColor\" d=\"M224.1 141c-63.6 0-114.9 51.3-114.9 114.9s51.3 114.9 114.9 114.9S339 319.5 339 255.9 287.7 141 224.1 141zm0 189.6c-41.1 0-74.7-33.5-74.7-74.7s33.5-74.7 74.7-74.7 74.7 33.5 74.7 74.7-33.6 74.7-74.7 74.7zm146.4-194.3c0 14.9-12 26.8-26.8 26.8-14.9 0-26.8-12-26.8-26.8s12-26.8 26.8-26.8 26.8 12 26.8 26.8zm76.1 27.2c-1.7-35.9-9.9-67.7-36.2-93.9-26.2-26.2-58-34.4-93.9-36.2-37-2.1-147.9-2.1-184.9 0-35.8 1.7-67.6 9.9-93.9 36.1s-34.4 58-36.2 93.9c-2.1 37-2.1 147.9 0 184.9 1.7 35.9 9.9 67.7 36.2 93.9s58 34.4 93.9 36.2c37 2.1 147.9 2.1 184.9 0 35.9-1.7 67.7-9.9 93.9-36.2 26.2-26.2 34.4-58 36.2-93.9 2.1-37 2.1-147.8 0-184.8zM398.8 388c-7.8 19.6-22.9 34.7-42.6 42.6-29.5 11.7-99.5 9-132.1 9s-102.7 2.6-132.1-9c-19.6-7.8-34.7-22.9-42.6-42.6-11.7-29.5-9-99.5-9-132.1s-2.6-102.7 9-132.1c7.8-19.6 22.9-34.7 42.6-42.6 29.5-11.7 99.5-9 132.1-9s102.7-2.6 132.1 9c19.6 7.8 34.7 22.9 42.6 42.6 11.7 29.5 9 99.5 9 132.1s2.7 102.7-9 132.1z\"><\/path>\n                <\/svg>\t\t\t\t<span>Instagram&#039;da takip et<\/span>\n\t\t\t<\/a>\n\t\t<\/span>\n\t\n<\/div>\n\t\t<span class=\"sbi_resized_image_data\" data-feed-id=\"*1\"\n\t\t  data-resized=\"[]\">\n\t<\/span>\n\t<\/div>\n\n<\/div><\/div>\n<\/div><\/div>\n\n\n<style>.kadence-column38_b2229a-f9 > .kt-inside-inner-col{padding-top:var(--global-kb-spacing-md, 2rem);padding-right:var(--global-kb-spacing-md, 2rem);padding-bottom:var(--global-kb-spacing-md, 2rem);padding-left:var(--global-kb-spacing-md, 2rem);}.kadence-column38_b2229a-f9 > .kt-inside-inner-col,.kadence-column38_b2229a-f9 > .kt-inside-inner-col:before{border-top-left-radius:5px;border-top-right-radius:5px;border-bottom-right-radius:5px;border-bottom-left-radius:5px;}.kadence-column38_b2229a-f9 > .kt-inside-inner-col{column-gap:0px;}.kadence-column38_b2229a-f9 > .kt-inside-inner-col{flex-direction:column;}.kadence-column38_b2229a-f9 > .kt-inside-inner-col > .aligncenter{width:100%;}.kadence-column38_b2229a-f9 > .kt-inside-inner-col{background-color:var(--global-palette3, #1A202C);}.kadence-column38_b2229a-f9 > .kt-inside-inner-col:before{opacity:0.3;}.kadence-column38_b2229a-f9{text-align:left;}.kadence-column38_b2229a-f9{position:relative;}.kadence-column38_b2229a-f9, .kt-inside-inner-col > .kadence-column38_b2229a-f9:not(.specificity){margin-top:-60px;}@media all and (max-width: 1024px){.kadence-column38_b2229a-f9 > .kt-inside-inner-col{flex-direction:column;justify-content:center;}}@media all and (max-width: 1024px){.kadence-column38_b2229a-f9, .kt-inside-inner-col > .kadence-column38_b2229a-f9:not(.specificity){margin-top:var(--global-kb-spacing-md, 2rem);}}@media all and (max-width: 767px){.kadence-column38_b2229a-f9 > .kt-inside-inner-col{padding-top:var(--global-kb-spacing-xs, 1rem);padding-right:var(--global-kb-spacing-xs, 1rem);padding-bottom:var(--global-kb-spacing-xs, 1rem);padding-left:var(--global-kb-spacing-xs, 1rem);flex-direction:column;justify-content:center;}}<\/style>\n<div class=\"wp-block-kadence-column kadence-column38_b2229a-f9 kb-section-dir-vertical inner-column-2\"><div class=\"kt-inside-inner-col\"><style id=\"wpforms-css-vars-64-block-d0645046-9370-4ba4-a97d-3b9e549a69f8\">\n\t\t\t\t#wpforms-64.wpforms-block-d0645046-9370-4ba4-a97d-3b9e549a69f8 {\n\t\t\t\t--wpforms-field-size-input-height: 43px;\n--wpforms-field-size-input-spacing: 15px;\n--wpforms-field-size-font-size: 16px;\n--wpforms-field-size-line-height: 19px;\n--wpforms-field-size-padding-h: 14px;\n--wpforms-field-size-checkbox-size: 16px;\n--wpforms-field-size-sublabel-spacing: 5px;\n--wpforms-field-size-icon-size: 1;\n--wpforms-label-size-font-size: 16px;\n--wpforms-label-size-line-height: 19px;\n--wpforms-label-size-sublabel-font-size: 14px;\n--wpforms-label-size-sublabel-line-height: 17px;\n--wpforms-button-size-font-size: 17px;\n--wpforms-button-size-height: 41px;\n--wpforms-button-size-padding-h: 15px;\n--wpforms-button-size-margin-top: 10px;\n\t\t\t}\n\t\t\t<\/style><div class=\"wpforms-container wpforms-container-full wpforms-block wpforms-block-d0645046-9370-4ba4-a97d-3b9e549a69f8 wpforms-render-modern\" id=\"wpforms-64\"><form id=\"wpforms-form-64\" class=\"wpforms-validate wpforms-form wpforms-ajax-form\" data-formid=\"64\" method=\"post\" enctype=\"multipart\/form-data\" action=\"\/index.php\/wp-json\/wp\/v2\/pages\/38\" data-token=\"bee43958c06c53f5b6a279498c3bf54f\" data-token-time=\"1776601241\"><noscript class=\"wpforms-error-noscript\">Bu formu bitirebilmek i\u00e7in taray\u0131c\u0131n\u0131zda JavaScript&#039;i etkinle\u015ftirin.<\/noscript><div id=\"wpforms-error-noscript\" style=\"display: none;\">Bu formu bitirebilmek i\u00e7in taray\u0131c\u0131n\u0131zda JavaScript&#039;i etkinle\u015ftirin.<\/div><div class=\"wpforms-field-container\"><div id=\"wpforms-64-field_1-container\" class=\"wpforms-field wpforms-field-name\" data-field-id=\"1\"><fieldset><legend class=\"wpforms-field-label\">Ad\u0131 Soyad\u0131 <span class=\"wpforms-required-label\" aria-hidden=\"true\">*<\/span><\/legend><div class=\"wpforms-field-row wpforms-field-medium\"><div class=\"wpforms-field-row-block wpforms-first wpforms-one-half\"><input type=\"text\" id=\"wpforms-64-field_1\" class=\"wpforms-field-name-first wpforms-field-required\" name=\"wpforms[fields][1][first]\" aria-errormessage=\"wpforms-64-field_1-error\" required><label for=\"wpforms-64-field_1\" class=\"wpforms-field-sublabel after\">Ad<\/label><\/div><div class=\"wpforms-field-row-block wpforms-one-half\"><input type=\"text\" id=\"wpforms-64-field_1-last\" class=\"wpforms-field-name-last wpforms-field-required\" name=\"wpforms[fields][1][last]\" aria-errormessage=\"wpforms-64-field_1-last-error\" required><label for=\"wpforms-64-field_1-last\" class=\"wpforms-field-sublabel after\">Soyad<\/label><\/div><\/div><\/fieldset><\/div><div id=\"wpforms-64-field_2-container\" class=\"wpforms-field wpforms-field-email\" data-field-id=\"2\"><label class=\"wpforms-field-label\" for=\"wpforms-64-field_2\">E-posta <span class=\"wpforms-required-label\" aria-hidden=\"true\">*<\/span><\/label><input type=\"email\" id=\"wpforms-64-field_2\" class=\"wpforms-field-medium wpforms-field-required\" name=\"wpforms[fields][2]\" spellcheck=\"false\" aria-errormessage=\"wpforms-64-field_2-error\" required><\/div>\t\t<div id=\"wpforms-64-field_4-container\"\n\t\t\tclass=\"wpforms-field wpforms-field-text\"\n\t\t\tdata-field-type=\"text\"\n\t\t\tdata-field-id=\"4\"\n\t\t\t>\n\t\t\t<label class=\"wpforms-field-label\" for=\"wpforms-64-field_4\" >E-posta Soyad\u0131 Ad\u0131<\/label>\n\t\t\t<input type=\"text\" id=\"wpforms-64-field_4\" class=\"wpforms-field-medium\" name=\"wpforms[fields][4]\" >\n\t\t<\/div>\n\t\t<div id=\"wpforms-64-field_3-container\" class=\"wpforms-field wpforms-field-textarea\" data-field-id=\"3\"><label class=\"wpforms-field-label\" for=\"wpforms-64-field_3\">Yorum veya Mesaj<\/label><textarea id=\"wpforms-64-field_3\" class=\"wpforms-field-medium\" name=\"wpforms[fields][3]\" aria-errormessage=\"wpforms-64-field_3-error\" ><\/textarea><\/div><script>\n\t\t\t\t( function() {\n\t\t\t\t\tconst style = document.createElement( 'style' );\n\t\t\t\t\tstyle.appendChild( document.createTextNode( '#wpforms-64-field_4-container { position: absolute !important; overflow: hidden !important; display: inline !important; height: 1px !important; width: 1px !important; z-index: -1000 !important; padding: 0 !important; } #wpforms-64-field_4-container input { visibility: hidden; } #wpforms-conversational-form-page #wpforms-64-field_4-container label { counter-increment: none; }' ) );\n\t\t\t\t\tdocument.head.appendChild( style );\n\t\t\t\t\tdocument.currentScript?.remove();\n\t\t\t\t} )();\n\t\t\t<\/script><\/div><!-- .wpforms-field-container --><div class=\"wpforms-submit-container\" ><input type=\"hidden\" name=\"wpforms[id]\" value=\"64\"><input type=\"hidden\" name=\"page_title\" value=\"\"><input type=\"hidden\" name=\"page_url\" value=\"https:\/\/yasamkilavuzu.racsen.com\/index.php\/wp-json\/wp\/v2\/pages\/38\"><input type=\"hidden\" name=\"url_referer\" value=\"\"><button type=\"submit\" name=\"wpforms[submit]\" id=\"wpforms-submit-64\" class=\"wpforms-submit\" data-alt-text=\"G\u00f6nderiliyor...\" data-submit-text=\"G\u00f6nder\" aria-live=\"assertive\" value=\"wpforms-submit\">G\u00f6nder<\/button><img loading=\"lazy\" decoding=\"async\" src=\"https:\/\/yasamkilavuzu.racsen.com\/wp-content\/plugins\/wpforms-lite\/assets\/images\/submit-spin.svg\" class=\"wpforms-submit-spinner\" style=\"display: none;\" width=\"26\" height=\"26\" alt=\"Y\u00fckleniyor\"><\/div><\/form><\/div>  <!-- .wpforms-container --><\/div><\/div>\n\n<\/div><\/div>","protected":false},"excerpt":{"rendered":"<p>Ya da bana Instagram\u2019dan ula\u015f: @yasamkilavuzu.tv<\/p>\n","protected":false},"author":1,"featured_media":0,"parent":0,"menu_order":0,"comment_status":"closed","ping_status":"closed","template":"","meta":{"_kad_post_transparent":"","_kad_post_title":"","_kad_post_layout":"","_kad_post_sidebar_id":"","_kad_post_content_style":"","_kad_post_vertical_padding":"","_kad_post_feature":"","_kad_post_feature_position":"","_kad_post_header":false,"_kad_post_footer":false,"_kad_post_classname":"","footnotes":""},"class_list":["post-38","page","type-page","status-publish","hentry"],"yoast_head":"<!-- This site is optimized with the Yoast SEO plugin v27.4 - https:\/\/yoast.com\/product\/yoast-seo-wordpress\/ -->\n<title>\u0130leti\u015fim - Ya\u015fam K\u0131lavuzu<\/title>\n<meta name=\"robots\" content=\"index, follow, max-snippet:-1, max-image-preview:large, max-video-preview:-1\" \/>\n<link rel=\"canonical\" href=\"https:\/\/yasamkilavuzu.racsen.com\/index.php\/iletisim\/\" \/>\n<meta property=\"og:locale\" content=\"tr_TR\" \/>\n<meta property=\"og:type\" content=\"article\" \/>\n<meta property=\"og:title\" content=\"\u0130leti\u015fim - Ya\u015fam K\u0131lavuzu\" \/>\n<meta property=\"og:description\" content=\"Ya da bana Instagram\u2019dan ula\u015f: @yasamkilavuzu.tv\" \/>\n<meta property=\"og:url\" content=\"https:\/\/yasamkilavuzu.racsen.com\/index.php\/iletisim\/\" \/>\n<meta property=\"og:site_name\" content=\"Ya\u015fam K\u0131lavuzu\" \/>\n<meta property=\"article:modified_time\" content=\"2025-10-12T16:59:31+00:00\" \/>\n<meta name=\"twitter:card\" content=\"summary_large_image\" \/>\n<meta name=\"twitter:label1\" content=\"Tahmini okuma s\u00fcresi\" \/>\n\t<meta name=\"twitter:data1\" content=\"1 dakika\" \/>\n<script type=\"application\/ld+json\" class=\"yoast-schema-graph\">{\"@context\":\"https:\\\/\\\/schema.org\",\"@graph\":[{\"@type\":\"WebPage\",\"@id\":\"https:\\\/\\\/yasamkilavuzu.racsen.com\\\/index.php\\\/iletisim\\\/\",\"url\":\"https:\\\/\\\/yasamkilavuzu.racsen.com\\\/index.php\\\/iletisim\\\/\",\"name\":\"\u0130leti\u015fim - Ya\u015fam K\u0131lavuzu\",\"isPartOf\":{\"@id\":\"https:\\\/\\\/yasamkilavuzu.racsen.com\\\/#website\"},\"datePublished\":\"2025-10-12T16:13:51+00:00\",\"dateModified\":\"2025-10-12T16:59:31+00:00\",\"breadcrumb\":{\"@id\":\"https:\\\/\\\/yasamkilavuzu.racsen.com\\\/index.php\\\/iletisim\\\/#breadcrumb\"},\"inLanguage\":\"tr\",\"potentialAction\":[{\"@type\":\"ReadAction\",\"target\":[\"https:\\\/\\\/yasamkilavuzu.racsen.com\\\/index.php\\\/iletisim\\\/\"]}]},{\"@type\":\"BreadcrumbList\",\"@id\":\"https:\\\/\\\/yasamkilavuzu.racsen.com\\\/index.php\\\/iletisim\\\/#breadcrumb\",\"itemListElement\":[{\"@type\":\"ListItem\",\"position\":1,\"name\":\"Anasayfa\",\"item\":\"https:\\\/\\\/yasamkilavuzu.racsen.com\\\/\"},{\"@type\":\"ListItem\",\"position\":2,\"name\":\"\u0130leti\u015fim\"}]},{\"@type\":\"WebSite\",\"@id\":\"https:\\\/\\\/yasamkilavuzu.racsen.com\\\/#website\",\"url\":\"https:\\\/\\\/yasamkilavuzu.racsen.com\\\/\",\"name\":\"Ya\u015fam K\u0131lavuzu\",\"description\":\"Hayat\u0131n\u0131 yeniden tasarla\",\"publisher\":{\"@id\":\"https:\\\/\\\/yasamkilavuzu.racsen.com\\\/#\\\/schema\\\/person\\\/7cfeb3a537d1310afbe1dbb4f6605061\"},\"potentialAction\":[{\"@type\":\"SearchAction\",\"target\":{\"@type\":\"EntryPoint\",\"urlTemplate\":\"https:\\\/\\\/yasamkilavuzu.racsen.com\\\/?s={search_term_string}\"},\"query-input\":{\"@type\":\"PropertyValueSpecification\",\"valueRequired\":true,\"valueName\":\"search_term_string\"}}],\"inLanguage\":\"tr\"},{\"@type\":[\"Person\",\"Organization\"],\"@id\":\"https:\\\/\\\/yasamkilavuzu.racsen.com\\\/#\\\/schema\\\/person\\\/7cfeb3a537d1310afbe1dbb4f6605061\",\"name\":\"admin\",\"image\":{\"@type\":\"ImageObject\",\"inLanguage\":\"tr\",\"@id\":\"http:\\\/\\\/yasamkilavuzu.racsen.com\\\/wp-content\\\/uploads\\\/2025\\\/10\\\/cropped-ChatGPT-Image-12-Eki-2025-15_45_53.png\",\"url\":\"http:\\\/\\\/yasamkilavuzu.racsen.com\\\/wp-content\\\/uploads\\\/2025\\\/10\\\/cropped-ChatGPT-Image-12-Eki-2025-15_45_53.png\",\"contentUrl\":\"http:\\\/\\\/yasamkilavuzu.racsen.com\\\/wp-content\\\/uploads\\\/2025\\\/10\\\/cropped-ChatGPT-Image-12-Eki-2025-15_45_53.png\",\"width\":512,\"height\":512,\"caption\":\"admin\"},\"logo\":{\"@id\":\"http:\\\/\\\/yasamkilavuzu.racsen.com\\\/wp-content\\\/uploads\\\/2025\\\/10\\\/cropped-ChatGPT-Image-12-Eki-2025-15_45_53.png\"},\"sameAs\":[\"http:\\\/\\\/yasamkilavuzu.racsen.com\"]}]}<\/script>\n<!-- \/ Yoast SEO plugin. -->","yoast_head_json":{"title":"\u0130leti\u015fim - Ya\u015fam K\u0131lavuzu","robots":{"index":"index","follow":"follow","max-snippet":"max-snippet:-1","max-image-preview":"max-image-preview:large","max-video-preview":"max-video-preview:-1"},"canonical":"https:\/\/yasamkilavuzu.racsen.com\/index.php\/iletisim\/","og_locale":"tr_TR","og_type":"article","og_title":"\u0130leti\u015fim - Ya\u015fam K\u0131lavuzu","og_description":"Ya da bana Instagram\u2019dan ula\u015f: @yasamkilavuzu.tv","og_url":"https:\/\/yasamkilavuzu.racsen.com\/index.php\/iletisim\/","og_site_name":"Ya\u015fam K\u0131lavuzu","article_modified_time":"2025-10-12T16:59:31+00:00","twitter_card":"summary_large_image","twitter_misc":{"Tahmini okuma s\u00fcresi":"1 dakika"},"schema":{"@context":"https:\/\/schema.org","@graph":[{"@type":"WebPage","@id":"https:\/\/yasamkilavuzu.racsen.com\/index.php\/iletisim\/","url":"https:\/\/yasamkilavuzu.racsen.com\/index.php\/iletisim\/","name":"\u0130leti\u015fim - Ya\u015fam K\u0131lavuzu","isPartOf":{"@id":"https:\/\/yasamkilavuzu.racsen.com\/#website"},"datePublished":"2025-10-12T16:13:51+00:00","dateModified":"2025-10-12T16:59:31+00:00","breadcrumb":{"@id":"https:\/\/yasamkilavuzu.racsen.com\/index.php\/iletisim\/#breadcrumb"},"inLanguage":"tr","potentialAction":[{"@type":"ReadAction","target":["https:\/\/yasamkilavuzu.racsen.com\/index.php\/iletisim\/"]}]},{"@type":"BreadcrumbList","@id":"https:\/\/yasamkilavuzu.racsen.com\/index.php\/iletisim\/#breadcrumb","itemListElement":[{"@type":"ListItem","position":1,"name":"Anasayfa","item":"https:\/\/yasamkilavuzu.racsen.com\/"},{"@type":"ListItem","position":2,"name":"\u0130leti\u015fim"}]},{"@type":"WebSite","@id":"https:\/\/yasamkilavuzu.racsen.com\/#website","url":"https:\/\/yasamkilavuzu.racsen.com\/","name":"Ya\u015fam K\u0131lavuzu","description":"Hayat\u0131n\u0131 yeniden tasarla","publisher":{"@id":"https:\/\/yasamkilavuzu.racsen.com\/#\/schema\/person\/7cfeb3a537d1310afbe1dbb4f6605061"},"potentialAction":[{"@type":"SearchAction","target":{"@type":"EntryPoint","urlTemplate":"https:\/\/yasamkilavuzu.racsen.com\/?s={search_term_string}"},"query-input":{"@type":"PropertyValueSpecification","valueRequired":true,"valueName":"search_term_string"}}],"inLanguage":"tr"},{"@type":["Person","Organization"],"@id":"https:\/\/yasamkilavuzu.racsen.com\/#\/schema\/person\/7cfeb3a537d1310afbe1dbb4f6605061","name":"admin","image":{"@type":"ImageObject","inLanguage":"tr","@id":"https:\/\/yasamkilavuzu.racsen.com\/wp-content\/uploads\/2025\/10\/cropped-ChatGPT-Image-12-Eki-2025-15_45_53.png","url":"https:\/\/yasamkilavuzu.racsen.com\/wp-content\/uploads\/2025\/10\/cropped-ChatGPT-Image-12-Eki-2025-15_45_53.png","contentUrl":"https:\/\/yasamkilavuzu.racsen.com\/wp-content\/uploads\/2025\/10\/cropped-ChatGPT-Image-12-Eki-2025-15_45_53.png","width":512,"height":512,"caption":"admin"},"logo":{"@id":"https:\/\/yasamkilavuzu.racsen.com\/wp-content\/uploads\/2025\/10\/cropped-ChatGPT-Image-12-Eki-2025-15_45_53.png"},"sameAs":["https:\/\/yasamkilavuzu.racsen.com"]}]}},"jetpack_sharing_enabled":true,"_links":{"self":[{"href":"https:\/\/yasamkilavuzu.racsen.com\/index.php\/wp-json\/wp\/v2\/pages\/38","targetHints":{"allow":["GET"]}}],"collection":[{"href":"https:\/\/yasamkilavuzu.racsen.com\/index.php\/wp-json\/wp\/v2\/pages"}],"about":[{"href":"https:\/\/yasamkilavuzu.racsen.com\/index.php\/wp-json\/wp\/v2\/types\/page"}],"author":[{"embeddable":true,"href":"https:\/\/yasamkilavuzu.racsen.com\/index.php\/wp-json\/wp\/v2\/users\/1"}],"replies":[{"embeddable":true,"href":"https:\/\/yasamkilavuzu.racsen.com\/index.php\/wp-json\/wp\/v2\/comments?post=38"}],"version-history":[{"count":6,"href":"https:\/\/yasamkilavuzu.racsen.com\/index.php\/wp-json\/wp\/v2\/pages\/38\/revisions"}],"predecessor-version":[{"id":69,"href":"https:\/\/yasamkilavuzu.racsen.com\/index.php\/wp-json\/wp\/v2\/pages\/38\/revisions\/69"}],"wp:attachment":[{"href":"https:\/\/yasamkilavuzu.racsen.com\/index.php\/wp-json\/wp\/v2\/media?parent=38"}],"curies":[{"name":"wp","href":"https:\/\/api.w.org\/{rel}","templated":true}]}}