{"id":34,"date":"2025-10-12T16:13:18","date_gmt":"2025-10-12T16:13:18","guid":{"rendered":"https:\/\/yasamkilavuzu.racsen.com\/?page_id=34"},"modified":"2025-10-12T16:13:19","modified_gmt":"2025-10-12T16:13:19","slug":"muzik","status":"publish","type":"page","link":"https:\/\/yasamkilavuzu.racsen.com\/index.php\/muzik\/","title":{"rendered":"M\u00fczik"},"content":{"rendered":"","protected":false},"excerpt":{"rendered":"","protected":false},"author":1,"featured_media":0,"parent":0,"menu_order":0,"comment_status":"closed","ping_status":"closed","template":"","meta":{"_kad_post_transparent":"","_kad_post_title":"","_kad_post_layout":"","_kad_post_sidebar_id":"","_kad_post_content_style":"","_kad_post_vertical_padding":"","_kad_post_feature":"","_kad_post_feature_position":"","_kad_post_header":false,"_kad_post_footer":false,"_kad_post_classname":"","footnotes":""},"class_list":["post-34","page","type-page","status-publish","hentry"],"yoast_head":"<!-- This site is optimized with the Yoast SEO plugin v27.4 - https:\/\/yoast.com\/product\/yoast-seo-wordpress\/ -->\n<title>M\u00fczik - Ya\u015fam K\u0131lavuzu<\/title>\n<meta name=\"robots\" content=\"index, follow, max-snippet:-1, max-image-preview:large, max-video-preview:-1\" \/>\n<link rel=\"canonical\" href=\"https:\/\/yasamkilavuzu.racsen.com\/index.php\/muzik\/\" \/>\n<meta property=\"og:locale\" content=\"tr_TR\" \/>\n<meta property=\"og:type\" content=\"article\" \/>\n<meta property=\"og:title\" content=\"M\u00fczik - Ya\u015fam K\u0131lavuzu\" \/>\n<meta property=\"og:url\" content=\"https:\/\/yasamkilavuzu.racsen.com\/index.php\/muzik\/\" \/>\n<meta property=\"og:site_name\" content=\"Ya\u015fam K\u0131lavuzu\" \/>\n<meta property=\"article:modified_time\" content=\"2025-10-12T16:13:19+00:00\" \/>\n<meta name=\"twitter:card\" content=\"summary_large_image\" \/>\n<script type=\"application\/ld+json\" class=\"yoast-schema-graph\">{\"@context\":\"https:\\\/\\\/schema.org\",\"@graph\":[{\"@type\":\"WebPage\",\"@id\":\"https:\\\/\\\/yasamkilavuzu.racsen.com\\\/index.php\\\/muzik\\\/\",\"url\":\"https:\\\/\\\/yasamkilavuzu.racsen.com\\\/index.php\\\/muzik\\\/\",\"name\":\"M\u00fczik - Ya\u015fam K\u0131lavuzu\",\"isPartOf\":{\"@id\":\"https:\\\/\\\/yasamkilavuzu.racsen.com\\\/#website\"},\"datePublished\":\"2025-10-12T16:13:18+00:00\",\"dateModified\":\"2025-10-12T16:13:19+00:00\",\"breadcrumb\":{\"@id\":\"https:\\\/\\\/yasamkilavuzu.racsen.com\\\/index.php\\\/muzik\\\/#breadcrumb\"},\"inLanguage\":\"tr\",\"potentialAction\":[{\"@type\":\"ReadAction\",\"target\":[\"https:\\\/\\\/yasamkilavuzu.racsen.com\\\/index.php\\\/muzik\\\/\"]}]},{\"@type\":\"BreadcrumbList\",\"@id\":\"https:\\\/\\\/yasamkilavuzu.racsen.com\\\/index.php\\\/muzik\\\/#breadcrumb\",\"itemListElement\":[{\"@type\":\"ListItem\",\"position\":1,\"name\":\"Anasayfa\",\"item\":\"https:\\\/\\\/yasamkilavuzu.racsen.com\\\/\"},{\"@type\":\"ListItem\",\"position\":2,\"name\":\"M\u00fczik\"}]},{\"@type\":\"WebSite\",\"@id\":\"https:\\\/\\\/yasamkilavuzu.racsen.com\\\/#website\",\"url\":\"https:\\\/\\\/yasamkilavuzu.racsen.com\\\/\",\"name\":\"Ya\u015fam K\u0131lavuzu\",\"description\":\"Hayat\u0131n\u0131 yeniden tasarla\",\"publisher\":{\"@id\":\"https:\\\/\\\/yasamkilavuzu.racsen.com\\\/#\\\/schema\\\/person\\\/7cfeb3a537d1310afbe1dbb4f6605061\"},\"potentialAction\":[{\"@type\":\"SearchAction\",\"target\":{\"@type\":\"EntryPoint\",\"urlTemplate\":\"https:\\\/\\\/yasamkilavuzu.racsen.com\\\/?s={search_term_string}\"},\"query-input\":{\"@type\":\"PropertyValueSpecification\",\"valueRequired\":true,\"valueName\":\"search_term_string\"}}],\"inLanguage\":\"tr\"},{\"@type\":[\"Person\",\"Organization\"],\"@id\":\"https:\\\/\\\/yasamkilavuzu.racsen.com\\\/#\\\/schema\\\/person\\\/7cfeb3a537d1310afbe1dbb4f6605061\",\"name\":\"admin\",\"image\":{\"@type\":\"ImageObject\",\"inLanguage\":\"tr\",\"@id\":\"http:\\\/\\\/yasamkilavuzu.racsen.com\\\/wp-content\\\/uploads\\\/2025\\\/10\\\/cropped-ChatGPT-Image-12-Eki-2025-15_45_53.png\",\"url\":\"http:\\\/\\\/yasamkilavuzu.racsen.com\\\/wp-content\\\/uploads\\\/2025\\\/10\\\/cropped-ChatGPT-Image-12-Eki-2025-15_45_53.png\",\"contentUrl\":\"http:\\\/\\\/yasamkilavuzu.racsen.com\\\/wp-content\\\/uploads\\\/2025\\\/10\\\/cropped-ChatGPT-Image-12-Eki-2025-15_45_53.png\",\"width\":512,\"height\":512,\"caption\":\"admin\"},\"logo\":{\"@id\":\"http:\\\/\\\/yasamkilavuzu.racsen.com\\\/wp-content\\\/uploads\\\/2025\\\/10\\\/cropped-ChatGPT-Image-12-Eki-2025-15_45_53.png\"},\"sameAs\":[\"http:\\\/\\\/yasamkilavuzu.racsen.com\"]}]}<\/script>\n<!-- \/ Yoast SEO plugin. -->","yoast_head_json":{"title":"M\u00fczik - Ya\u015fam K\u0131lavuzu","robots":{"index":"index","follow":"follow","max-snippet":"max-snippet:-1","max-image-preview":"max-image-preview:large","max-video-preview":"max-video-preview:-1"},"canonical":"https:\/\/yasamkilavuzu.racsen.com\/index.php\/muzik\/","og_locale":"tr_TR","og_type":"article","og_title":"M\u00fczik - Ya\u015fam K\u0131lavuzu","og_url":"https:\/\/yasamkilavuzu.racsen.com\/index.php\/muzik\/","og_site_name":"Ya\u015fam K\u0131lavuzu","article_modified_time":"2025-10-12T16:13:19+00:00","twitter_card":"summary_large_image","schema":{"@context":"https:\/\/schema.org","@graph":[{"@type":"WebPage","@id":"https:\/\/yasamkilavuzu.racsen.com\/index.php\/muzik\/","url":"https:\/\/yasamkilavuzu.racsen.com\/index.php\/muzik\/","name":"M\u00fczik - Ya\u015fam K\u0131lavuzu","isPartOf":{"@id":"https:\/\/yasamkilavuzu.racsen.com\/#website"},"datePublished":"2025-10-12T16:13:18+00:00","dateModified":"2025-10-12T16:13:19+00:00","breadcrumb":{"@id":"https:\/\/yasamkilavuzu.racsen.com\/index.php\/muzik\/#breadcrumb"},"inLanguage":"tr","potentialAction":[{"@type":"ReadAction","target":["https:\/\/yasamkilavuzu.racsen.com\/index.php\/muzik\/"]}]},{"@type":"BreadcrumbList","@id":"https:\/\/yasamkilavuzu.racsen.com\/index.php\/muzik\/#breadcrumb","itemListElement":[{"@type":"ListItem","position":1,"name":"Anasayfa","item":"https:\/\/yasamkilavuzu.racsen.com\/"},{"@type":"ListItem","position":2,"name":"M\u00fczik"}]},{"@type":"WebSite","@id":"https:\/\/yasamkilavuzu.racsen.com\/#website","url":"https:\/\/yasamkilavuzu.racsen.com\/","name":"Ya\u015fam K\u0131lavuzu","description":"Hayat\u0131n\u0131 yeniden tasarla","publisher":{"@id":"https:\/\/yasamkilavuzu.racsen.com\/#\/schema\/person\/7cfeb3a537d1310afbe1dbb4f6605061"},"potentialAction":[{"@type":"SearchAction","target":{"@type":"EntryPoint","urlTemplate":"https:\/\/yasamkilavuzu.racsen.com\/?s={search_term_string}"},"query-input":{"@type":"PropertyValueSpecification","valueRequired":true,"valueName":"search_term_string"}}],"inLanguage":"tr"},{"@type":["Person","Organization"],"@id":"https:\/\/yasamkilavuzu.racsen.com\/#\/schema\/person\/7cfeb3a537d1310afbe1dbb4f6605061","name":"admin","image":{"@type":"ImageObject","inLanguage":"tr","@id":"https:\/\/yasamkilavuzu.racsen.com\/wp-content\/uploads\/2025\/10\/cropped-ChatGPT-Image-12-Eki-2025-15_45_53.png","url":"https:\/\/yasamkilavuzu.racsen.com\/wp-content\/uploads\/2025\/10\/cropped-ChatGPT-Image-12-Eki-2025-15_45_53.png","contentUrl":"https:\/\/yasamkilavuzu.racsen.com\/wp-content\/uploads\/2025\/10\/cropped-ChatGPT-Image-12-Eki-2025-15_45_53.png","width":512,"height":512,"caption":"admin"},"logo":{"@id":"https:\/\/yasamkilavuzu.racsen.com\/wp-content\/uploads\/2025\/10\/cropped-ChatGPT-Image-12-Eki-2025-15_45_53.png"},"sameAs":["https:\/\/yasamkilavuzu.racsen.com"]}]}},"jetpack_sharing_enabled":true,"_links":{"self":[{"href":"https:\/\/yasamkilavuzu.racsen.com\/index.php\/wp-json\/wp\/v2\/pages\/34","targetHints":{"allow":["GET"]}}],"collection":[{"href":"https:\/\/yasamkilavuzu.racsen.com\/index.php\/wp-json\/wp\/v2\/pages"}],"about":[{"href":"https:\/\/yasamkilavuzu.racsen.com\/index.php\/wp-json\/wp\/v2\/types\/page"}],"author":[{"embeddable":true,"href":"https:\/\/yasamkilavuzu.racsen.com\/index.php\/wp-json\/wp\/v2\/users\/1"}],"replies":[{"embeddable":true,"href":"https:\/\/yasamkilavuzu.racsen.com\/index.php\/wp-json\/wp\/v2\/comments?post=34"}],"version-history":[{"count":1,"href":"https:\/\/yasamkilavuzu.racsen.com\/index.php\/wp-json\/wp\/v2\/pages\/34\/revisions"}],"predecessor-version":[{"id":35,"href":"https:\/\/yasamkilavuzu.racsen.com\/index.php\/wp-json\/wp\/v2\/pages\/34\/revisions\/35"}],"wp:attachment":[{"href":"https:\/\/yasamkilavuzu.racsen.com\/index.php\/wp-json\/wp\/v2\/media?parent=34"}],"curies":[{"name":"wp","href":"https:\/\/api.w.org\/{rel}","templated":true}]}}